{"id":912,"date":"2024-12-23T21:55:02","date_gmt":"2024-12-23T20:55:02","guid":{"rendered":"http:\/\/zoyou.fr\/blog\/?page_id=912"},"modified":"2024-12-23T22:09:37","modified_gmt":"2024-12-23T21:09:37","slug":"lettres-de-recommendation","status":"publish","type":"page","link":"https:\/\/zoyou.fr\/blog\/index.php\/lettres-de-recommendation\/","title":{"rendered":"Lettres de recommendation"},"content":{"rendered":"<h3>2022 &#8211; Myriam La Selve &#8211; Z\u00f9 le guide<\/h3>\n<p>Stage puis travail en freelance &#8211; r\u00e9daction web, optimisation SEO, cr\u00e9ation audiovisuelle <em>(18 mois)<\/em><\/p>\n<p><img decoding=\"async\" class=\"aligncenter\" src=\"http:\/\/zoyou.fr\/blog\/wp-content\/uploads\/2022\/12\/2022-12-29-09_19_41-7-Zo%C3%A9-Guillemain-_-LinkedIn-%E2%80%94-Mozilla-Firefox.png\" alt=\"http:\/\/zoyou.fr\/blog\/wp-content\/uploads\/2022\/12\/2022-12-29-09_19_41-7-Zo%C3%A9-Guillemain-_-LinkedIn-%E2%80%94-Mozilla-Firefox.png\" \/><\/p>\n<p>\ud83d\udc49 <a href=\"http:\/\/zoyou.fr\/blog\/index.php\/2022\/12\/29\/lettre-de-recommandation-zu-le-guide\/\" target=\"_blank\" rel=\"noopener\"><em>voir le d\u00e9tail<\/em><\/a><\/p>\n<hr \/>\n<h3>2019 &#8211; Julien Feugeas &#8211; Shakabay<\/h3>\n<p>Stage &#8211; r\u00e9daction web, traduction, optimisation SEO <em>(5 semaines)<\/em><\/p>\n<p><img loading=\"lazy\" decoding=\"async\" class=\"shrinkToFit transparent aligncenter\" src=\"http:\/\/zoyou.fr\/blog\/wp-content\/uploads\/2019\/11\/Lettre_recommendation_Zo%C3%A9_G-Shakabay-768x957.png\" alt=\"http:\/\/zoyou.fr\/blog\/wp-content\/uploads\/2019\/11\/Lettre_recommendation_Zo%C3%A9_G-Shakabay-768x957.png\" width=\"493\" height=\"615\" \/><\/p>\n<p>\ud83d\udc49 <a href=\"http:\/\/zoyou.fr\/blog\/index.php\/2019\/11\/08\/lettre-de-recommandation-shakabay\/\" target=\"_blank\" rel=\"noopener\"><em>voir le d\u00e9tail <\/em><\/a><\/p>\n<hr \/>\n<h3>2018 &#8211; J\u00e9r\u00f4me Perderiset &#8211; N\u00e9oVision<\/h3>\n<p>CDD puis stage &#8211; montage de lunettes, vente et contact commercial, actions marketing <em>(2 mois)<\/em><\/p>\n<p><img loading=\"lazy\" decoding=\"async\" class=\"aligncenter wp-image-917 size-full\" src=\"http:\/\/zoyou.fr\/blog\/wp-content\/uploads\/2024\/12\/reco-jerome-perderiset-neovision.png\" alt=\"\" width=\"743\" height=\"816\" srcset=\"https:\/\/zoyou.fr\/blog\/wp-content\/uploads\/2024\/12\/reco-jerome-perderiset-neovision.png 743w, https:\/\/zoyou.fr\/blog\/wp-content\/uploads\/2024\/12\/reco-jerome-perderiset-neovision-273x300.png 273w\" sizes=\"auto, (max-width: 743px) 100vw, 743px\" \/><\/p>\n<p>\ud83d\udc49 <a href=\"http:\/\/zoyou.fr\/blog\/index.php\/2018\/11\/28\/lettre-de-recommandation\/\" target=\"_blank\" rel=\"noopener\"><em>voir le d\u00e9tail<\/em><\/a><\/p>\n","protected":false},"excerpt":{"rendered":"<p>2022 &#8211; Myriam La Selve &#8211; Z\u00f9 le guide Stage puis travail en freelance &#8211; r\u00e9daction web, optimisation SEO, cr\u00e9ation audiovisuelle (18 mois) \ud83d\udc49 voir&hellip;<\/p>\n","protected":false},"author":2,"featured_media":0,"parent":0,"menu_order":0,"comment_status":"closed","ping_status":"closed","template":"","meta":{"footnotes":""},"class_list":["post-912","page","type-page","status-publish","hentry"],"_links":{"self":[{"href":"https:\/\/zoyou.fr\/blog\/index.php\/wp-json\/wp\/v2\/pages\/912","targetHints":{"allow":["GET"]}}],"collection":[{"href":"https:\/\/zoyou.fr\/blog\/index.php\/wp-json\/wp\/v2\/pages"}],"about":[{"href":"https:\/\/zoyou.fr\/blog\/index.php\/wp-json\/wp\/v2\/types\/page"}],"author":[{"embeddable":true,"href":"https:\/\/zoyou.fr\/blog\/index.php\/wp-json\/wp\/v2\/users\/2"}],"replies":[{"embeddable":true,"href":"https:\/\/zoyou.fr\/blog\/index.php\/wp-json\/wp\/v2\/comments?post=912"}],"version-history":[{"count":4,"href":"https:\/\/zoyou.fr\/blog\/index.php\/wp-json\/wp\/v2\/pages\/912\/revisions"}],"predecessor-version":[{"id":919,"href":"https:\/\/zoyou.fr\/blog\/index.php\/wp-json\/wp\/v2\/pages\/912\/revisions\/919"}],"wp:attachment":[{"href":"https:\/\/zoyou.fr\/blog\/index.php\/wp-json\/wp\/v2\/media?parent=912"}],"curies":[{"name":"wp","href":"https:\/\/api.w.org\/{rel}","templated":true}]}}